{"id":245,"date":"2024-07-24T20:48:15","date_gmt":"2024-07-24T20:48:15","guid":{"rendered":"http:\/\/104.247.72.45\/~jarc\/?page_id=245"},"modified":"2026-03-18T19:46:18","modified_gmt":"2026-03-18T19:46:18","slug":"ocia","status":"publish","type":"page","link":"https:\/\/spsjoa.org\/spanish\/liturgical-information\/ocia\/","title":{"rendered":"Como Hacerse Cat\u00f3lico"},"content":{"rendered":"\n<h1>\n\t\tC\u00f3mo Hacerse Cat\u00f3lico\n\t<\/h1>\n\t<p>Por favor, tenga en cuenta que estamos en el proceso de construir nuestro sitio web parroquial. Todos los d\u00edas estamos actualizando y mejorando nuestro contenido.<\/p>\n<p>Para informaci\u00f3n o preguntas sobre c\u00f3mo hacerse cat\u00f3lico, por llame a la oficina parroquial al 614-761-0905.<\/p>\n\n","protected":false},"excerpt":{"rendered":"<p>C\u00f3mo Hacerse Cat\u00f3lico Por favor, tenga en cuenta que estamos en el proceso de construir nuestro sitio web parroquial. Todos los d\u00edas estamos actualizando y mejorando nuestro contenido. Para informaci\u00f3n o preguntas sobre c\u00f3mo hacerse cat\u00f3lico, por llame a la oficina parroquial al 614-761-0905.<\/p>\n","protected":false},"author":1,"featured_media":0,"parent":236,"menu_order":50,"comment_status":"closed","ping_status":"closed","template":"","meta":{"footnotes":""},"class_list":["post-245","page","type-page","status-publish","hentry"],"_links":{"self":[{"href":"https:\/\/spsjoa.org\/spanish\/wp-json\/wp\/v2\/pages\/245","targetHints":{"allow":["GET"]}}],"collection":[{"href":"https:\/\/spsjoa.org\/spanish\/wp-json\/wp\/v2\/pages"}],"about":[{"href":"https:\/\/spsjoa.org\/spanish\/wp-json\/wp\/v2\/types\/page"}],"author":[{"embeddable":true,"href":"https:\/\/spsjoa.org\/spanish\/wp-json\/wp\/v2\/users\/1"}],"replies":[{"embeddable":true,"href":"https:\/\/spsjoa.org\/spanish\/wp-json\/wp\/v2\/comments?post=245"}],"version-history":[{"count":4,"href":"https:\/\/spsjoa.org\/spanish\/wp-json\/wp\/v2\/pages\/245\/revisions"}],"predecessor-version":[{"id":382,"href":"https:\/\/spsjoa.org\/spanish\/wp-json\/wp\/v2\/pages\/245\/revisions\/382"}],"up":[{"embeddable":true,"href":"https:\/\/spsjoa.org\/spanish\/wp-json\/wp\/v2\/pages\/236"}],"wp:attachment":[{"href":"https:\/\/spsjoa.org\/spanish\/wp-json\/wp\/v2\/media?parent=245"}],"curies":[{"name":"wp","href":"https:\/\/api.w.org\/{rel}","templated":true}]}}